{"id":3,"date":"2025-11-12T13:41:24","date_gmt":"2025-11-12T13:41:24","guid":{"rendered":"http:\/\/eternal-wild.com\/?page_id=3"},"modified":"2025-12-11T12:49:41","modified_gmt":"2025-12-11T12:49:41","slug":"datenschutzbestimmungen","status":"publish","type":"page","link":"https:\/\/eternal-wild.com\/de\/datenschutzbestimmungen\/","title":{"rendered":"Datenschutzbestimmungen"},"content":{"rendered":"<p><strong>1. der f\u00fcr die Datenverarbeitung Verantwortliche<\/strong><\/p>\n\n\n\n<p>In \u00dcbereinstimmung mit der Verordnung (EU) 2016\/679 (RGPD) und dem Organgesetz 3\/2018 (LOPDGDD) werden Sie dar\u00fcber informiert, dass die \u00fcber die Website zur Verf\u00fcgung gestellten personenbezogenen Daten verarbeitet werden von:<\/p>\n\n\n\n<ul class=\"wp-block-list\">\n<li>Verantwortlich:\u00a0<strong>VANDER TUIN VICTORIA ANAH\u00cd<\/strong><\/li>\n\n\n\n<li>N.I.E.:\u00a0<strong>Z2279676J<\/strong><\/li>\n\n\n\n<li>Adresse:\u00a0<strong>Carrer Rosell\u00f3 400, 08025, Barcelona (Spanien)<\/strong><\/li>\n\n\n\n<li>E-Mail:\u00a0<strong><a href=\"mailto:hello@eternal-wild.com\" target=\"_blank\" rel=\"noreferrer noopener\">hello@eternal-wild.com<\/a><\/strong><\/li>\n\n\n\n<li>Telefon \/ WhatsApp:\u00a0<strong>+34 613 39 62 18<\/strong><a href=\"https:\/\/www.audidat.com\/blog\/proteccion-de-datos\/cumplimiento-de-la-lssi-ce-como-cumplir-con-la-normativa-en-tu-empresa\/\" target=\"_blank\" rel=\"noreferrer noopener\"><\/a>\u200b<\/li>\n<\/ul>\n\n\n\n<hr class=\"wp-block-separator has-alpha-channel-opacity\"\/>\n\n\n\n<p><strong>2. Verarbeitete personenbezogene Daten<\/strong><\/p>\n\n\n\n<p>Zu den Arten von Daten, die \u00fcber die Website oder damit verbundene Kontaktkan\u00e4le erfasst werden k\u00f6nnen, geh\u00f6ren:<\/p>\n\n\n\n<ul class=\"wp-block-list\">\n<li>Identifikations- und Kontaktdaten: Vorname, Nachname, E-Mail-Adresse, Telefonnummer, Wohnsitzland.<\/li>\n\n\n\n<li>Informationen im Zusammenhang mit der Anfrage oder dem Antrag: Einzelheiten \u00fcber die gew\u00fcnschte Reise oder das gew\u00fcnschte Erlebnis, Pr\u00e4ferenzen, ungef\u00e4hre Daten, Anzahl der Personen, ungef\u00e4hres Budget sowie alle anderen Informationen, die der Nutzer freiwillig zur Verf\u00fcgung stellt.<\/li>\n\n\n\n<li>Grundlegende Browsing-Daten: IP-Adresse, Ger\u00e4tekennungen, besuchte Seiten und Verweildauer, durch unbedingt erforderliche Cookies und gegebenenfalls analytische Cookies oder Cookies von Dritten (wie in der Cookie-Richtlinie der Website beschrieben).<a href=\"https:\/\/www.grupodata.es\/el-cumplimiento-legal-en-paginas-web-obligatoriedad-de-la-lssi-ce-y-documentos-clave\/\" target=\"_blank\" rel=\"noreferrer noopener\"><\/a>\u200b<\/li>\n<\/ul>\n\n\n\n<p>Der Nutzer garantiert, dass die angegebenen Daten wahr, genau, vollst\u00e4ndig und aktuell sind, und verpflichtet sich, jede \u00c4nderung derselben mitzuteilen.<\/p>\n\n\n\n<hr class=\"wp-block-separator has-alpha-channel-opacity\"\/>\n\n\n\n<p><strong>3. Zwecke der Verarbeitung<\/strong><\/p>\n\n\n\n<p>Die personenbezogenen Daten werden zu folgenden Zwecken verarbeitet:<\/p>\n\n\n\n<p>a)&nbsp;<strong>Verwaltung von Anfragen und Auskunftsersuchen<\/strong><br>Beantwortung von Anfragen, die von Nutzern \u00fcber Kontaktformulare, E-Mail oder WhatsApp gesendet werden, und Aufrechterhaltung der notwendigen Kommunikation im Zusammenhang mit solchen Anfragen.<\/p>\n\n\n\n<p>b)&nbsp;<strong>Verwaltung von Dienstleistungen und personalisierten Reisevorschl\u00e4gen<\/strong><br>In den F\u00e4llen, in denen die Beziehung zu einem Angebot oder zur Vergabe von Dienstleistungen f\u00fchrt, werden die Daten verwendet, um personalisierte Angebote zu erstellen, die Kommunikation zu koordinieren und gegebenenfalls die vorvertragliche oder vertragliche Beziehung zu verwalten.<\/p>\n\n\n\n<p>c)&nbsp;<strong>Kommerzielle Kommunikation (Marketing)<\/strong><br>Mit der vorherigen und ausdr\u00fccklichen Zustimmung des Nutzers, das Versenden von kommerziellen Mitteilungen auf elektronischem Wege (E-Mail, WhatsApp oder andere \u00e4hnliche Kan\u00e4le) \u00fcber Dienstleistungen, Neuigkeiten, Erfahrungen oder Inhalte in Bezug auf Eternal Wild.<\/p>\n\n\n\n<p>d)&nbsp;<strong>Verbesserung der Website und Sicherheit<\/strong><br>Analyse von Browsing-Daten in aggregierter oder pseudonymisierter Form zur Verbesserung der Benutzerfreundlichkeit, der Sicherheit der Website und der Aufdeckung von betr\u00fcgerischer oder missbr\u00e4uchlicher Nutzung.<a rel=\"noreferrer noopener\" target=\"_blank\" href=\"https:\/\/www.audidat.com\/blog\/proteccion-de-datos\/cumplimiento-de-la-lssi-ce-como-cumplir-con-la-normativa-en-tu-empresa\/\"><\/a>\u200b<\/p>\n\n\n\n<hr class=\"wp-block-separator has-alpha-channel-opacity\"\/>\n\n\n\n<p><strong>4. Legitimation der Verarbeitung<\/strong><\/p>\n\n\n\n<p>Die Rechtsgrundlagen f\u00fcr die Verarbeitung der Daten sind:<\/p>\n\n\n\n<ul class=\"wp-block-list\">\n<li><strong>Vollstreckung vorvertraglicher oder vertraglicher Ma\u00dfnahmen<\/strong>zur Beantwortung von Informationsanfragen und gegebenenfalls zur Verwaltung der Beziehung, die sich aus einem m\u00f6glichen Reisedesign-Service oder personalisierten Erfahrungen ergibt.<\/li>\n\n\n\n<li><strong>Zustimmung<\/strong>f\u00fcr die Zusendung kommerzieller Mitteilungen, die Installation bestimmter nicht notwendiger Cookies und die Verwendung bestimmter Daten in Kan\u00e4len wie WhatsApp, sofern eine klare und eindeutige Zustimmung erteilt wurde.<\/li>\n\n\n\n<li><strong>Legitimes Interesse<\/strong>Die Verwendung dieser Informationen zur Verbesserung der Website, der Sicherheit und der Verhinderung von Betrug, immer unter Ber\u00fccksichtigung der Rechte und Freiheiten der Nutzer.<\/li>\n\n\n\n<li><strong>Einhaltung der rechtlichen Verpflichtungen<\/strong>gegebenenfalls zur Erf\u00fcllung der Anforderungen der zust\u00e4ndigen Beh\u00f6rden oder zur Einhaltung der steuerlichen und buchhalterischen Verpflichtungen.<a href=\"https:\/\/www.iubenda.com\/es\/help\/72939-la-lssi-ce-en-espana\" target=\"_blank\" rel=\"noreferrer noopener\"><\/a>\u200b<\/li>\n<\/ul>\n\n\n\n<hr class=\"wp-block-separator has-alpha-channel-opacity\"\/>\n\n\n\n<p><strong>5. Vorratsspeicherung von Daten<\/strong><\/p>\n\n\n\n<p>Die Daten werden f\u00fcr die folgenden Zeitr\u00e4ume aufbewahrt:<\/p>\n\n\n\n<ul class=\"wp-block-list\">\n<li>Kontaktdaten und Anfragen: f\u00fcr den Zeitraum, der f\u00fcr die Bearbeitung der Anfrage oder des Ersuchens erforderlich ist, und h\u00f6chstens,\u00a0<strong>12 Monate<\/strong>\u00a0ab der letzten diesbez\u00fcglichen Mitteilung, es sei denn, es wird ein Vertragsverh\u00e4ltnis angebahnt oder die Aufbewahrung ist aufgrund rechtlicher Verpflichtungen erforderlich.<\/li>\n\n\n\n<li>Daten, die f\u00fcr kommerzielle Kommunikation verwendet werden: solange der Nutzer seine Zustimmung nicht widerruft oder die L\u00f6schung seiner Daten verlangt, mit regelm\u00e4\u00dfiger \u00dcberpr\u00fcfung, um inaktive Kontakte zu entfernen.<\/li>\n\n\n\n<li>Daten im Zusammenhang mit m\u00f6glichen rechtlichen Verpflichtungen: w\u00e4hrend der in den geltenden Vorschriften festgelegten Verj\u00e4hrungsfristen.<a href=\"https:\/\/usercentrics.com\/es\/knowledge-hub\/aviso-legal-web\/\" target=\"_blank\" rel=\"noreferrer noopener\"><\/a>\u200b<\/li>\n<\/ul>\n\n\n\n<hr class=\"wp-block-separator has-alpha-channel-opacity\"\/>\n\n\n\n<p><strong>6. Empf\u00e4nger und Verarbeiter<\/strong><\/p>\n\n\n\n<p>Im Allgemeinen werden die Daten nicht an Dritte weitergegeben, es sei denn, dies ist gesetzlich vorgeschrieben oder f\u00fcr die Erbringung der gew\u00fcnschten Dienstleistungen erforderlich.<br>Bestimmte Anbieter, die Dienstleistungen f\u00fcr den f\u00fcr die Verarbeitung Verantwortlichen erbringen (z. B. Webhosting-Dienste, E-Mail-Marketing-Tools, Analysedienste oder Messaging-Plattformen), k\u00f6nnen auf die Daten zugreifen, indem sie als&nbsp;<strong>Datenverarbeiter<\/strong>, mit denen die entsprechenden Vertraulichkeits- und Datenverarbeitungsvertr\u00e4ge unterzeichnet wurden.<a rel=\"noreferrer noopener\" target=\"_blank\" href=\"https:\/\/www.grupodata.es\/el-cumplimiento-legal-en-paginas-web-obligatoriedad-de-la-lssi-ce-y-documentos-clave\/\"><\/a>\u200b<\/p>\n\n\n\n<p>Wenn einer dieser Anbieter au\u00dferhalb des Europ\u00e4ischen Wirtschaftsraums ans\u00e4ssig ist, werden geeignete Schutzma\u00dfnahmen (Standardvertragsklauseln oder andere anerkannte Mechanismen) eingef\u00fchrt, um personenbezogene Daten im Einklang mit der DSGVO zu sch\u00fctzen.<\/p>\n\n\n\n<hr class=\"wp-block-separator has-alpha-channel-opacity\"\/>\n\n\n\n<p><strong>7. Nutzung von WhatsApp<\/strong><\/p>\n\n\n\n<p>WhatsApp-Kontakt \u00fcber die Nummer&nbsp;<strong>+34 613 39 62 18<\/strong>&nbsp;bedeutet, dass bestimmte personenbezogene Daten \u00fcber diese Plattform im Einklang mit ihren eigenen Bedingungen und Datenschutzrichtlinien verarbeitet werden.<br>Der f\u00fcr die Verarbeitung Verantwortliche kann die von WhatsApp\/Meta durchgef\u00fchrten Verarbeitungen weder kontrollieren noch daf\u00fcr verantwortlich gemacht werden; er wird diesen Kanal jedoch nur f\u00fcr die Verwaltung von Anfragen und Mitteilungen im Zusammenhang mit den angebotenen Diensten nutzen und niemals besonders sensible Daten (Gesundheit, Finanzdaten usw.) \u00fcber diesen Kanal anfordern.<a rel=\"noreferrer noopener\" target=\"_blank\" href=\"https:\/\/www.incibe.es\/empresas\/blog\/utiliza-whatsapp-tu-empresa-cumpliendo-el-rgpd-y-lopdgdd\"><\/a>\u200b<\/p>\n\n\n\n<p>Den Nutzern wird empfohlen, die Allgemeinen Gesch\u00e4ftsbedingungen und Datenschutzrichtlinien von WhatsApp zu lesen, bevor sie dieses Kommunikationsmittel verwenden.<\/p>\n\n\n\n<hr class=\"wp-block-separator has-alpha-channel-opacity\"\/>\n\n\n\n<p><strong>8. Rechte der Nutzer<\/strong><\/p>\n\n\n\n<p>Die Nutzer k\u00f6nnen die folgenden Rechte jederzeit unter den in den geltenden Vorschriften vorgesehenen Bedingungen aus\u00fcben:<\/p>\n\n\n\n<ul class=\"wp-block-list\">\n<li>Auskunftsrecht: zu erfahren, welche Daten verarbeitet werden und zu welchem Zweck.<\/li>\n\n\n\n<li>Recht auf Berichtigung: Beantragung der Berichtigung von unrichtigen oder unvollst\u00e4ndigen Daten.<\/li>\n\n\n\n<li>Recht auf L\u00f6schung: Sie k\u00f6nnen die L\u00f6schung Ihrer Daten beantragen, wenn sie unter anderem f\u00fcr die Zwecke, f\u00fcr die sie erhoben wurden, nicht mehr erforderlich sind.<\/li>\n\n\n\n<li>Widerspruchsrecht: Sie k\u00f6nnen der Verarbeitung Ihrer Daten unter bestimmten Umst\u00e4nden widersprechen, z. B. zu Zwecken der Direktwerbung.<\/li>\n\n\n\n<li>Recht auf Einschr\u00e4nkung der Verarbeitung: Sie k\u00f6nnen die Aussetzung der Verarbeitung Ihrer Daten in bestimmten F\u00e4llen verlangen.<\/li>\n\n\n\n<li>Recht auf \u00dcbertragbarkeit: die Daten in einem strukturierten, allgemein gebr\u00e4uchlichen und maschinenlesbaren Format zu erhalten und sie an einen anderen f\u00fcr die Verarbeitung Verantwortlichen zu \u00fcbermitteln, sofern dies technisch m\u00f6glich ist.<a href=\"https:\/\/www.audidat.com\/blog\/proteccion-de-datos\/cumplimiento-de-la-lssi-ce-como-cumplir-con-la-normativa-en-tu-empresa\/\" target=\"_blank\" rel=\"noreferrer noopener\"><\/a>\u200b<\/li>\n<\/ul>\n\n\n\n<p>Um diese Rechte wahrzunehmen, k\u00f6nnen Interessenten einen Antrag zusammen mit einem Dokument, das ihre Identit\u00e4t nachweist, an folgende Adresse richten:<\/p>\n\n\n\n<ul class=\"wp-block-list\">\n<li>E-Mail:\u00a0<strong><a href=\"mailto:hello@eternal-wild.com\" target=\"_blank\" rel=\"noreferrer noopener\">hello@eternal-wild.com<\/a><\/strong><\/li>\n\n\n\n<li>Postanschrift:\u00a0<strong>Carrer Rosell\u00f3 400, 08025, Barcelona (Spanien)<\/strong><\/li>\n<\/ul>\n\n\n\n<p>Sie werden auch \u00fcber Ihr Recht informiert, eine Beschwerde bei der spanischen Datenschutzbeh\u00f6rde (AEPD) einzureichen, wenn Sie der Meinung sind, dass die Verarbeitung Ihrer Daten nicht den geltenden Rechtsvorschriften entspricht.<a rel=\"noreferrer noopener\" target=\"_blank\" href=\"https:\/\/www.aepd.es\/accesibilidad\"><\/a>\u200b<\/p>\n\n\n\n<hr class=\"wp-block-separator has-alpha-channel-opacity\"\/>\n\n\n\n<p><strong>9. \u00c4nderungen der Datenschutzrichtlinie<\/strong><\/p>\n\n\n\n<p>Der Verantwortliche beh\u00e4lt sich das Recht vor, die vorliegende Datenschutzerkl\u00e4rung zu \u00e4ndern, wenn dies erforderlich ist, um sie an neue Gesetze, juristische Kriterien oder \u00c4nderungen bei der Erbringung von Dienstleistungen anzupassen.<br>Im Falle wesentlicher \u00c4nderungen werden die Nutzer \u00fcber die Website oder auf andere geeignete Weise informiert.<a rel=\"noreferrer noopener\" target=\"_blank\" href=\"https:\/\/usercentrics.com\/es\/knowledge-hub\/aviso-legal-web\/\"><\/a>\u200b<\/p>","protected":false},"excerpt":{"rendered":"<p>1. Responsable del tratamiento De conformidad con el Reglamento (UE) 2016\/679 (RGPD) y la Ley Org\u00e1nica 3\/2018 (LOPDGDD), se informa de que los datos personales facilitados a trav\u00e9s del Sitio Web ser\u00e1n tratados por: 2. Datos personales tratados Los tipos de datos que se pueden recabar a trav\u00e9s del Sitio Web o de los canales [&hellip;]<\/p>\n","protected":false},"author":1,"featured_media":0,"parent":0,"menu_order":0,"comment_status":"closed","ping_status":"closed","template":"","meta":{"footnotes":""},"class_list":["post-3","page","type-page","status-publish","hentry"],"_links":{"self":[{"href":"https:\/\/eternal-wild.com\/de\/wp-json\/wp\/v2\/pages\/3","targetHints":{"allow":["GET"]}}],"collection":[{"href":"https:\/\/eternal-wild.com\/de\/wp-json\/wp\/v2\/pages"}],"about":[{"href":"https:\/\/eternal-wild.com\/de\/wp-json\/wp\/v2\/types\/page"}],"author":[{"embeddable":true,"href":"https:\/\/eternal-wild.com\/de\/wp-json\/wp\/v2\/users\/1"}],"replies":[{"embeddable":true,"href":"https:\/\/eternal-wild.com\/de\/wp-json\/wp\/v2\/comments?post=3"}],"version-history":[{"count":2,"href":"https:\/\/eternal-wild.com\/de\/wp-json\/wp\/v2\/pages\/3\/revisions"}],"predecessor-version":[{"id":491,"href":"https:\/\/eternal-wild.com\/de\/wp-json\/wp\/v2\/pages\/3\/revisions\/491"}],"wp:attachment":[{"href":"https:\/\/eternal-wild.com\/de\/wp-json\/wp\/v2\/media?parent=3"}],"curies":[{"name":"wp","href":"https:\/\/api.w.org\/{rel}","templated":true}]}}