{"id":468,"date":"2025-12-11T10:22:47","date_gmt":"2025-12-11T10:22:47","guid":{"rendered":"https:\/\/eternal-wild.com\/?page_id=468"},"modified":"2025-12-11T12:59:29","modified_gmt":"2025-12-11T12:59:29","slug":"cookie-richtlinie","status":"publish","type":"page","link":"https:\/\/eternal-wild.com\/de\/cookie-richtlinie\/","title":{"rendered":"Cookie-Richtlinie"},"content":{"rendered":"<p>Datum des Inkrafttretens: 11. Dezember 2025<\/p>\n\n\n\n<p>Letzte Aktualisierung: 11. Dezember 2025<\/p>\n\n\n\n<h2 class=\"wp-block-heading\">Was sind Cookies?<\/h2>\n\n\n\n<p>In dieser Cookie-Richtlinie wird erkl\u00e4rt, was Cookies sind, wie wir sie verwenden, welche Arten von Cookies wir verwenden (z. B. die Informationen, die wir bei der Verwendung von Cookies sammeln und wie diese Informationen verwendet werden) und wie Sie Ihre Cookie-Einstellungen verwalten k\u00f6nnen.<\/p>\n\n\n\n<p>Cookies sind kleine Textdateien, die dazu dienen, bestimmte Informationen zu speichern. Sie werden auf Ihrem Ger\u00e4t gespeichert, wenn eine Website in Ihrem Browser geladen wird. Diese Cookies tragen dazu bei, dass die Website ordnungsgem\u00e4\u00df funktioniert, erh\u00f6hen die Sicherheit, bieten eine bessere Nutzererfahrung und analysieren die Leistung, um festzustellen, was gut funktioniert und was verbessert werden muss.<\/p>\n\n\n\n<h2 class=\"wp-block-heading\">Wie verwenden wir Cookies?<\/h2>\n\n\n\n<p>Wie die meisten Online-Dienste verwendet unsere Website Erstanbieter-Cookies und Drittanbieter-Cookies f\u00fcr verschiedene Zwecke. Erstanbieter-Cookies sind grunds\u00e4tzlich notwendig, damit die Website ordnungsgem\u00e4\u00df funktioniert; sie sammeln keine personenbezogenen Daten.<\/p>\n\n\n\n<p>Cookies von Drittanbietern, die auf unserer Website verwendet werden, helfen uns in erster Linie zu verstehen, wie unsere Website reagiert; zu verfolgen, wie Sie mit ihr interagieren; unsere Dienste zu sch\u00fctzen; relevante Werbung zu liefern; und Ihre allgemeine Benutzererfahrung zu verbessern, w\u00e4hrend die Geschwindigkeit Ihrer nachfolgenden Interaktionen auf unserer Website optimiert wird.<\/p>\n\n\n\n<h2 class=\"wp-block-heading\">Arten von Cookies, die wir verwenden<\/h2>\n\n\n\n<p>Ben\u00f6tigt<\/p>\n\n\n\n<p>Notwendige Cookies sind f\u00fcr die grundlegenden Funktionen der Website unerl\u00e4sslich und die Website kann ohne sie nicht wie vorgesehen funktionieren. In diesen Cookies werden keine personenbezogenen Daten gespeichert.<\/p>\n\n\n\n<figure class=\"wp-block-table\"><table class=\"has-fixed-layout\"><thead><tr><th>Keks<\/th><th>Dauer<\/th><th>Beschreibung<\/th><\/tr><\/thead><tbody><tr><td>cookieyes-Zustimmung<\/td><td>1 Jahr<\/td><td>CookieYes setzt dieses Cookie, um sich an die Einwilligungspr\u00e4ferenzen der Benutzer zu erinnern, so dass ihre Pr\u00e4ferenzen bei sp\u00e4teren Besuchen dieser Website beachtet werden. Es werden keine pers\u00f6nlichen Informationen \u00fcber die Besucher der Website gesammelt oder gespeichert.<\/td><\/tr><\/tbody><\/table><\/figure>\n\n\n\n<p>Analytik<\/p>\n\n\n\n<p>Analytische Cookies werden verwendet, um zu verstehen, wie Besucher mit der Website interagieren. Diese Cookies helfen dabei, Informationen \u00fcber Metriken wie Besucherzahl, Absprungrate, Verkehrsquelle usw. zu liefern.<\/p>\n\n\n\n<figure class=\"wp-block-table\"><table class=\"has-fixed-layout\"><thead><tr><th>Keks<\/th><th>Dauer<\/th><th>Beschreibung<\/th><\/tr><\/thead><tbody><tr><td>_ga_*<\/td><td>1 Jahr 1 Monat 4 Tage<\/td><td>Google Analytics setzt dieses Cookie, um Seitenaufrufe zu speichern und zu z\u00e4hlen.<\/td><\/tr><tr><td>_ga<\/td><td>1 Jahr 1 Monat 4 Tage<\/td><td>Google Analytics setzt dieses Cookie, um Besucher-, Sitzungs- und Kampagnendaten zu berechnen und die Nutzung der Website f\u00fcr die Erstellung von Analyseberichten zu verfolgen. Das Cookie speichert Informationen anonym und weist eine zuf\u00e4llig generierte Nummer zu, um einzelne Besucher zu erkennen.<\/td><\/tr><\/tbody><\/table><\/figure>\n\n\n\n<h2 class=\"wp-block-heading\">Cookie-Einstellungen verwalten<\/h2>\n\n\n\n<p><a>Pr\u00e4ferenzen f\u00fcr die Zustimmung<\/a><\/p>\n\n\n\n<p>Sie k\u00f6nnen Ihre Cookie-Einstellungen jederzeit \u00e4ndern, indem Sie oben auf die Schaltfl\u00e4che \"Zustimmungseinstellungen\" klicken. So k\u00f6nnen Sie das Cookie-Einwilligungsbanner erneut aufrufen und Ihre Einstellungen aktualisieren oder Ihre Einwilligung sofort widerrufen.<\/p>\n\n\n\n<p>Verschiedene Browser bieten auch verschiedene Methoden zum Blockieren und L\u00f6schen von Cookies, die von Websites verwendet werden. Sie k\u00f6nnen Ihre Browsereinstellungen \u00e4ndern, um Cookies zu blockieren oder zu l\u00f6schen. Nachstehend finden Sie Links zu Hilfedokumenten \u00fcber die Verwaltung und L\u00f6schung von Cookies in den wichtigsten Webbrowsern.<\/p>\n\n\n\n<p>Chrom:&nbsp;<a target=\"_blank\" rel=\"noreferrer noopener\" href=\"https:\/\/support.google.com\/accounts\/answer\/32050\">https:\/\/support.google.com\/accounts\/answer\/32050<\/a><\/p>\n\n\n\n<p>Safari:&nbsp;<a target=\"_blank\" rel=\"noreferrer noopener\" href=\"https:\/\/support.apple.com\/en-in\/guide\/safari\/sfri11471\/mac\">https:\/\/support.apple.com\/en-in\/guide\/safari\/sfri11471\/mac<\/a><\/p>\n\n\n\n<p>Firefox:&nbsp;<a target=\"_blank\" rel=\"noreferrer noopener\" href=\"https:\/\/support.mozilla.org\/en-US\/kb\/clear-cookies-and-site-data-firefox?redirectslug=delete-cookies-remove-info-websites-stored&amp;redirectlocale=en-US\">https:\/\/support.mozilla.org\/en-US\/kb\/clear-cookies-and-site-data-firefox?redirectslug=delete-cookies-remove-info-websites-stored&amp;redirectlocale=en-US<\/a><\/p>\n\n\n\n<p>Internet Explorer:&nbsp;<a target=\"_blank\" rel=\"noreferrer noopener\" href=\"https:\/\/support.microsoft.com\/en-us\/topic\/how-to-delete-cookie-files-in-internet-explorer-bca9446f-d873-78de-77ba-d42645fa52fc\">https:\/\/support.microsoft.com\/en-us\/topic\/how-to-delete-cookie-files-in-internet-explorer-bca9446f-d873-78de-77ba-d42645fa52fc<\/a><\/p>\n\n\n\n<p>Wenn Sie einen anderen Webbrowser verwenden, konsultieren Sie bitte die offizielle Hilfedokumentation f\u00fcr diesen Browser.<\/p>\n\n\n\n<p>CookieYes hat diese Richtlinie erstellt von&nbsp;<a target=\"_blank\" rel=\"noreferrer noopener\" href=\"https:\/\/www.cookieyes.com\/?utm_source=CP&amp;utm_medium=footer&amp;utm_campaign=UW\">Cookies - Cookie-Richtlinien-Generator<\/a><\/p>","protected":false},"excerpt":{"rendered":"<p>Fecha de entrada en vigor: December 11, 2025 \u00daltima actualizaci\u00f3n: December 11, 2025 \u00bfQu\u00e9 son las cookies? Esta pol\u00edtica de cookies explica qu\u00e9 son las cookies, c\u00f3mo las usamos, los tipos de cookies que usamos (p. ej., la informaci\u00f3n que recopilamos al usar las cookies y c\u00f3mo se usa dicha informaci\u00f3n) y c\u00f3mo gestionar su [&hellip;]<\/p>\n","protected":false},"author":3,"featured_media":0,"parent":0,"menu_order":0,"comment_status":"closed","ping_status":"closed","template":"","meta":{"footnotes":""},"class_list":["post-468","page","type-page","status-publish","hentry"],"_links":{"self":[{"href":"https:\/\/eternal-wild.com\/de\/wp-json\/wp\/v2\/pages\/468","targetHints":{"allow":["GET"]}}],"collection":[{"href":"https:\/\/eternal-wild.com\/de\/wp-json\/wp\/v2\/pages"}],"about":[{"href":"https:\/\/eternal-wild.com\/de\/wp-json\/wp\/v2\/types\/page"}],"author":[{"embeddable":true,"href":"https:\/\/eternal-wild.com\/de\/wp-json\/wp\/v2\/users\/3"}],"replies":[{"embeddable":true,"href":"https:\/\/eternal-wild.com\/de\/wp-json\/wp\/v2\/comments?post=468"}],"version-history":[{"count":2,"href":"https:\/\/eternal-wild.com\/de\/wp-json\/wp\/v2\/pages\/468\/revisions"}],"predecessor-version":[{"id":493,"href":"https:\/\/eternal-wild.com\/de\/wp-json\/wp\/v2\/pages\/468\/revisions\/493"}],"wp:attachment":[{"href":"https:\/\/eternal-wild.com\/de\/wp-json\/wp\/v2\/media?parent=468"}],"curies":[{"name":"wp","href":"https:\/\/api.w.org\/{rel}","templated":true}]}}