{"id":471,"date":"2025-12-11T10:23:22","date_gmt":"2025-12-11T10:23:22","guid":{"rendered":"https:\/\/eternal-wild.com\/?page_id=471"},"modified":"2025-12-11T12:48:09","modified_gmt":"2025-12-11T12:48:09","slug":"rechtshinweis","status":"publish","type":"page","link":"https:\/\/eternal-wild.com\/de\/rechtshinweis\/","title":{"rendered":"Rechtlicher Hinweis"},"content":{"rendered":"<p><strong>1. die Identifikationsdaten<\/strong><\/p>\n\n\n\n<p>Gem\u00e4\u00df der im Gesetz 34\/2002 vom 11. Juli \u00fcber die Dienste der Informationsgesellschaft und den elektronischen Gesch\u00e4ftsverkehr (LSSI-CE) festgelegten Informationspflicht werden im Folgenden die Daten des Eigent\u00fcmers der Website angegeben:<\/p>\n\n\n\n<ul class=\"wp-block-list\">\n<li>\u00dcberschrift:\u00a0<strong>VANDER TUIN VICTORIA ANAH\u00cd<\/strong><\/li>\n\n\n\n<li>N.I.E.:\u00a0<strong>Z2279676J<\/strong><\/li>\n\n\n\n<li>Adresse:\u00a0<strong>Carrer Rosell\u00f3 400, 08025, Barcelona (Spanien)<\/strong><\/li>\n\n\n\n<li>Kontakt-E-Mail-Adresse:\u00a0<strong><a href=\"mailto:hello@eternal-wild.com\" target=\"_blank\" rel=\"noreferrer noopener\">hello@eternal-wild.com<\/a><\/strong><\/li>\n\n\n\n<li>Kontakt Telefon \/ WhatsApp:\u00a0<strong>+34 613 39 62 18<\/strong><\/li>\n<\/ul>\n\n\n\n<p>Zugang zur und Nutzung der Website&nbsp;<a rel=\"noreferrer noopener\" target=\"_blank\" href=\"https:\/\/eternal-wild.com\/de\"><strong>https:\/\/eternal-wild.com<\/strong><\/a>&nbsp;(nachstehend \u201cdie Website\u201d genannt) setzt die vollst\u00e4ndige und uneingeschr\u00e4nkte Annahme aller in diesem rechtlichen Hinweis enthaltenen Bestimmungen durch die Nutzer voraus.<a rel=\"noreferrer noopener\" target=\"_blank\" href=\"https:\/\/www.ionos.es\/digitalguide\/paginas-web\/derecho-digital\/aviso-legal-obligatorio-todo-lo-que-necesitas-saber\/\"><\/a>\u200b<\/p>\n\n\n\n<hr class=\"wp-block-separator has-alpha-channel-opacity\"\/>\n\n\n\n<p><strong>2. Zweck der Website<\/strong><\/p>\n\n\n\n<p>Die Website bietet Informationen \u00fcber Reisedienstleistungen und personalisierte Erlebnisse sowie die M\u00f6glichkeit, Eternal Wild \u00fcber Formulare, E-Mail oder WhatsApp zu kontaktieren, um Informationen oder personalisierte Vorschl\u00e4ge anzufordern.<br>Zurzeit bietet die Website keine direkten Online-Vertr\u00e4ge oder elektronischen Zahlungen an; jegliche Vertr\u00e4ge \u00fcber Dienstleistungen werden auf individueller Basis und \u00fcber private Kan\u00e4le (E-Mail, WhatsApp usw.) abgeschlossen.<a rel=\"noreferrer noopener\" target=\"_blank\" href=\"https:\/\/www.grupodata.es\/el-cumplimiento-legal-en-paginas-web-obligatoriedad-de-la-lssi-ce-y-documentos-clave\/\"><\/a>\u200b<\/p>\n\n\n\n<hr class=\"wp-block-separator has-alpha-channel-opacity\"\/>\n\n\n\n<p><strong>3. Bedingungen f\u00fcr die Nutzung<\/strong><\/p>\n\n\n\n<p>Der Nutzer verpflichtet sich, die Website, ihre Inhalte und Dienstleistungen in \u00dcbereinstimmung mit dem Gesetz, dem vorliegenden rechtlichen Hinweis, den guten Sitten und der \u00f6ffentlichen Ordnung zu nutzen. Es ist ausdr\u00fccklich untersagt:<\/p>\n\n\n\n<ul class=\"wp-block-list\">\n<li>den Inhalt f\u00fcr unerlaubte Zwecke oder Wirkungen zu verwenden, die gegen Treu und Glauben oder die \u00f6ffentliche Ordnung versto\u00dfen.<\/li>\n\n\n\n<li>Handlungen vorzunehmen, die Sch\u00e4den oder Ver\u00e4nderungen an den Inhalten oder an den Computersystemen des Eigent\u00fcmers oder Dritter verursachen k\u00f6nnen.<\/li>\n\n\n\n<li>Der Versuch, auf die E-Mail-Konten anderer Nutzer oder auf gesch\u00fctzte Bereiche der Computersysteme des Eigent\u00fcmers oder Dritter zuzugreifen.<a href=\"https:\/\/especialistasweb.es\/aviso-legal-de-una-web-2022\/\" target=\"_blank\" rel=\"noreferrer noopener\"><\/a>\u200b<\/li>\n<\/ul>\n\n\n\n<p>Der Eigent\u00fcmer der Website beh\u00e4lt sich das Recht vor, Nutzern, die die vorliegenden Nutzungsbedingungen nicht einhalten, den Zugang zur Website und\/oder zu den angebotenen Diensten ohne vorherige Ank\u00fcndigung zu verweigern oder zu entziehen.<\/p>\n\n\n\n<hr class=\"wp-block-separator has-alpha-channel-opacity\"\/>\n\n\n\n<p><strong>4. Verantwortung<\/strong><\/p>\n\n\n\n<p>Der Eigent\u00fcmer garantiert nicht die ununterbrochene Verf\u00fcgbarkeit der Website oder die Abwesenheit von Fehlern im Inhalt, obwohl er die notwendigen Ma\u00dfnahmen ergreift, um etwaige technische oder inhaltliche Vorf\u00e4lle zu korrigieren, die entdeckt werden k\u00f6nnten.<br>Die Nutzung der auf der Website enthaltenen Informationen und Inhalte liegt in der alleinigen Verantwortung des Nutzers. Der Eigent\u00fcmer \u00fcbernimmt keine Haftung f\u00fcr Sch\u00e4den, die daraus entstehen k\u00f6nnen:<\/p>\n\n\n\n<ul class=\"wp-block-list\">\n<li>Mangelnde Verf\u00fcgbarkeit der Website aufgrund von technischen Wartungsarbeiten, technischen Vorf\u00e4llen oder Ursachen, die au\u00dferhalb der Kontrolle des Unternehmens liegen.<\/li>\n\n\n\n<li>Viren, Computerangriffe oder andere Situationen, die zu Ver\u00e4nderungen in den Computersystemen, elektronischen Dokumenten oder Dateien des Nutzers f\u00fchren k\u00f6nnten.<a href=\"https:\/\/www.ionos.es\/digitalguide\/paginas-web\/derecho-digital\/aviso-legal-obligatorio-todo-lo-que-necesitas-saber\/\" target=\"_blank\" rel=\"noreferrer noopener\"><\/a>\u200b<\/li>\n<\/ul>\n\n\n\n<hr class=\"wp-block-separator has-alpha-channel-opacity\"\/>\n\n\n\n<p><strong>5. Links zu Websites von Dritten<\/strong><\/p>\n\n\n\n<p>Die Website kann Links zu Websites Dritter enthalten (z. B. soziale Netzwerke, Messaging-Plattformen, touristische Ressourcen oder externe Anbieter).<br>Das Vorhandensein dieser Links dient nur zu Informationszwecken und impliziert in keiner Weise, dass der Eigent\u00fcmer die Inhalte dieser externen Websites, \u00fcber die er keine Kontrolle oder Verantwortung hat, empfiehlt, garantiert oder billigt.<a rel=\"noreferrer noopener\" target=\"_blank\" href=\"https:\/\/usercentrics.com\/es\/knowledge-hub\/aviso-legal-web\/\"><\/a>\u200b<\/p>\n\n\n\n<hr class=\"wp-block-separator has-alpha-channel-opacity\"\/>\n\n\n\n<p><strong>6. Geistiges und gewerbliches Eigentum<\/strong><\/p>\n\n\n\n<p>Der gesamte Inhalt der Website (einschlie\u00dflich, aber nicht beschr\u00e4nkt auf: Texte, Bilder, Fotos, Logos, Marken, Farbkombinationen, Struktur und Design, Quellcode usw.) ist durch Vorschriften zum geistigen und gewerblichen Eigentum gesch\u00fctzt.<br>Die Vervielf\u00e4ltigung, Verbreitung, \u00f6ffentliche Wiedergabe, Umwandlung oder jede andere Form der Verwertung dieser Inhalte ist ohne vorherige ausdr\u00fcckliche Genehmigung des Eigent\u00fcmers verboten, au\u00dfer in den F\u00e4llen, in denen dies gesetzlich zul\u00e4ssig ist.<a rel=\"noreferrer noopener\" target=\"_blank\" href=\"https:\/\/usercentrics.com\/es\/knowledge-hub\/aviso-legal-web\/\"><\/a>\u200b<\/p>\n\n\n\n<p>Der Nutzer verpflichtet sich, alle geistigen und gewerblichen Eigentumsrechte an der Website und ihren Inhalten zu respektieren. Sie d\u00fcrfen die Elemente der Website ansehen und sogar ausdrucken, kopieren oder auf der Festplatte Ihres Computers oder einem anderen physischen Datentr\u00e4ger speichern, sofern dies einzig und allein zu Ihrem pers\u00f6nlichen und privaten Gebrauch geschieht.<\/p>\n\n\n\n<hr class=\"wp-block-separator has-alpha-channel-opacity\"\/>\n\n\n\n<p><strong>7. WhatsApp als Kontaktkanal nutzen<\/strong><\/p>\n\n\n\n<p>Die Website bietet die M\u00f6glichkeit der Kontaktaufnahme per WhatsApp \u00fcber die Nummer&nbsp;<strong>+34 613 39 62 18<\/strong>.<br>Die Nutzung dieses Kanals impliziert, dass bestimmte personenbezogene Daten (z. B. Name, Telefonnummer, Profilbild, Nachrichten) \u00fcber die WhatsApp-Plattform verarbeitet werden, die Meta Platforms, Inc. oder ihren Konzerngesellschaften geh\u00f6rt, in \u00dcbereinstimmung mit ihren eigenen Bedingungen und Datenschutzrichtlinien, die au\u00dferhalb der Kontrolle des Website-Eigent\u00fcmers liegen.<a rel=\"noreferrer noopener\" target=\"_blank\" href=\"https:\/\/microlabhard.es\/el-uso-de-whatsapp-para-el-envio-de-comunicaciones-comerciales-y-conectar-con-los-clientes\/\"><\/a>\u200b<\/p>\n\n\n\n<p>Den Nutzern wird empfohlen, keine besonders sensiblen Informationen (Gesundheitsdaten, finanzielle Informationen usw.) \u00fcber WhatsApp zu versenden. F\u00fcr diese Art von Informationen ist es ratsam, nach R\u00fccksprache geeignetere Kan\u00e4le zu nutzen.<\/p>\n\n\n\n<hr class=\"wp-block-separator has-alpha-channel-opacity\"\/>\n\n\n\n<p><strong>8. Anwendbares Recht und Gerichtsbarkeit<\/strong><\/p>\n\n\n\n<p>Dieser Rechtshinweis unterliegt dem spanischen Recht.<br>Im Allgemeinen unterwerfen sich die Parteien f\u00fcr alle Streitigkeiten, die sich aus der Auslegung und Anwendung des vorliegenden rechtlichen Hinweises ergeben k\u00f6nnen, den Gerichten der Stadt Barcelona, es sei denn, die geltenden Vorschriften sehen eine andere zwingende Zust\u00e4ndigkeit vor (zum Beispiel in Angelegenheiten von Verbrauchern und Nutzern).<\/p>\n\n\n\n<p><\/p>","protected":false},"excerpt":{"rendered":"<p>1. Datos identificativos En cumplimiento con el deber de informaci\u00f3n establecido en la Ley 34\/2002, de 11 de julio, de Servicios de la Sociedad de la Informaci\u00f3n y de Comercio Electr\u00f3nico (LSSI\u2011CE), se indican a continuaci\u00f3n los datos de la persona titular del sitio web: El acceso y uso del sitio web&nbsp;https:\/\/eternal-wild.com&nbsp;(en adelante, \u201cel Sitio [&hellip;]<\/p>\n","protected":false},"author":3,"featured_media":0,"parent":0,"menu_order":0,"comment_status":"closed","ping_status":"closed","template":"","meta":{"footnotes":""},"class_list":["post-471","page","type-page","status-publish","hentry"],"_links":{"self":[{"href":"https:\/\/eternal-wild.com\/de\/wp-json\/wp\/v2\/pages\/471","targetHints":{"allow":["GET"]}}],"collection":[{"href":"https:\/\/eternal-wild.com\/de\/wp-json\/wp\/v2\/pages"}],"about":[{"href":"https:\/\/eternal-wild.com\/de\/wp-json\/wp\/v2\/types\/page"}],"author":[{"embeddable":true,"href":"https:\/\/eternal-wild.com\/de\/wp-json\/wp\/v2\/users\/3"}],"replies":[{"embeddable":true,"href":"https:\/\/eternal-wild.com\/de\/wp-json\/wp\/v2\/comments?post=471"}],"version-history":[{"count":2,"href":"https:\/\/eternal-wild.com\/de\/wp-json\/wp\/v2\/pages\/471\/revisions"}],"predecessor-version":[{"id":490,"href":"https:\/\/eternal-wild.com\/de\/wp-json\/wp\/v2\/pages\/471\/revisions\/490"}],"wp:attachment":[{"href":"https:\/\/eternal-wild.com\/de\/wp-json\/wp\/v2\/media?parent=471"}],"curies":[{"name":"wp","href":"https:\/\/api.w.org\/{rel}","templated":true}]}}