{"id":468,"date":"2025-12-11T10:22:47","date_gmt":"2025-12-11T10:22:47","guid":{"rendered":"https:\/\/eternal-wild.com\/?page_id=468"},"modified":"2025-12-11T12:59:29","modified_gmt":"2025-12-11T12:59:29","slug":"cookie-policy","status":"publish","type":"page","link":"https:\/\/eternal-wild.com\/en\/cookie-policy\/","title":{"rendered":"Cookie Policy"},"content":{"rendered":"<p>Effective date: December 11, 2025<\/p>\n\n\n\n<p>Last updated: December 11, 2025<\/p>\n\n\n\n<h2 class=\"wp-block-heading\">What are cookies?<\/h2>\n\n\n\n<p>This cookie policy explains what cookies are, how we use them, the types of cookies we use (e.g. the information we collect when using cookies and how that information is used) and how to manage your cookie settings.<\/p>\n\n\n\n<p>Cookies are small text files that are used to store certain pieces of information. They are stored on your device when a website is loaded in your browser. These cookies help ensure that the website functions properly, enhance security, provide a better user experience and analyse performance to identify what works well and what needs improvement.<\/p>\n\n\n\n<h2 class=\"wp-block-heading\">How do we use cookies?<\/h2>\n\n\n\n<p>Like most online services, our website uses first-party cookies and third-party cookies for various purposes. First-party cookies are basically necessary for the website to function properly; they do not collect any personally identifiable data.<\/p>\n\n\n\n<p>Third-party cookies used on our website primarily help us understand how our website responds; track how you interact with it; protect our services; deliver relevant advertising; and improve your overall user experience, while optimising the speed of your subsequent interactions on our website.<\/p>\n\n\n\n<h2 class=\"wp-block-heading\">Types of cookies we use<\/h2>\n\n\n\n<p>Needed<\/p>\n\n\n\n<p>Necessary cookies are crucial to the basic functions of the website and the website will not function as intended without them. These cookies do not store any personally identifiable data.<\/p>\n\n\n\n<figure class=\"wp-block-table\"><table class=\"has-fixed-layout\"><thead><tr><th>Cookie<\/th><th>Duration<\/th><th>Description<\/th><\/tr><\/thead><tbody><tr><td>cookieyes-consent<\/td><td>1 year<\/td><td>CookieYes sets this cookie to remember users' consent preferences so that their preferences are respected on subsequent visits to this site. It does not collect or store any personal information about visitors to the site.<\/td><\/tr><\/tbody><\/table><\/figure>\n\n\n\n<p>Analytics<\/p>\n\n\n\n<p>Analytical cookies are used to understand how visitors interact with the website. These cookies help to provide information on metrics such as number of visitors, bounce rate, traffic source, etc.<\/p>\n\n\n\n<figure class=\"wp-block-table\"><table class=\"has-fixed-layout\"><thead><tr><th>Cookie<\/th><th>Duration<\/th><th>Description<\/th><\/tr><\/thead><tbody><tr><td>_ga_*<\/td><td>1 year 1 month 4 days<\/td><td>Google Analytics sets this cookie to store and count page views.<\/td><\/tr><tr><td>_ga<\/td><td>1 year 1 month 4 days<\/td><td>Google Analytics sets this cookie to calculate visitor, session and campaign data and to track site usage for site analytics reporting. The cookie stores information anonymously and assigns a randomly generated number to recognise unique visitors.<\/td><\/tr><\/tbody><\/table><\/figure>\n\n\n\n<h2 class=\"wp-block-heading\">Manage cookie preferences<\/h2>\n\n\n\n<p><a>Consent preferences<\/a><\/p>\n\n\n\n<p>You can change your cookie settings at any time by clicking on the Consent Preferences button at the top. This will allow you to revisit the cookie consent banner and update your preferences or withdraw your consent immediately.<\/p>\n\n\n\n<p>Different browsers also offer various methods for blocking and deleting cookies used by websites. You can modify your browser settings to block or delete cookies. Below are links to help documents on how to manage and delete cookies in the main web browsers.<\/p>\n\n\n\n<p>Chrome:&nbsp;<a target=\"_blank\" rel=\"noreferrer noopener\" href=\"https:\/\/support.google.com\/accounts\/answer\/32050\">https:\/\/support.google.com\/accounts\/answer\/32050<\/a><\/p>\n\n\n\n<p>Safari:&nbsp;<a target=\"_blank\" rel=\"noreferrer noopener\" href=\"https:\/\/support.apple.com\/en-in\/guide\/safari\/sfri11471\/mac\">https:\/\/support.apple.com\/en-in\/guide\/safari\/sfri11471\/mac<\/a><\/p>\n\n\n\n<p>Firefox:&nbsp;<a target=\"_blank\" rel=\"noreferrer noopener\" href=\"https:\/\/support.mozilla.org\/en-US\/kb\/clear-cookies-and-site-data-firefox?redirectslug=delete-cookies-remove-info-websites-stored&amp;redirectlocale=en-US\">https:\/\/support.mozilla.org\/en-US\/kb\/clear-cookies-and-site-data-firefox?redirectslug=delete-cookies-remove-info-websites-stored&amp;redirectlocale=en-US<\/a><\/p>\n\n\n\n<p>Internet Explorer:&nbsp;<a target=\"_blank\" rel=\"noreferrer noopener\" href=\"https:\/\/support.microsoft.com\/en-us\/topic\/how-to-delete-cookie-files-in-internet-explorer-bca9446f-d873-78de-77ba-d42645fa52fc\">https:\/\/support.microsoft.com\/en-us\/topic\/how-to-delete-cookie-files-in-internet-explorer-bca9446f-d873-78de-77ba-d42645fa52fc<\/a><\/p>\n\n\n\n<p>If you use another web browser, please consult the official help documentation for that browser.<\/p>\n\n\n\n<p>CookieYes has generated this policy of&nbsp;<a target=\"_blank\" rel=\"noreferrer noopener\" href=\"https:\/\/www.cookieyes.com\/?utm_source=CP&amp;utm_medium=footer&amp;utm_campaign=UW\">cookies - cookie policy generator<\/a><\/p>","protected":false},"excerpt":{"rendered":"<p>Fecha de entrada en vigor: December 11, 2025 \u00daltima actualizaci\u00f3n: December 11, 2025 \u00bfQu\u00e9 son las cookies? Esta pol\u00edtica de cookies explica qu\u00e9 son las cookies, c\u00f3mo las usamos, los tipos de cookies que usamos (p. ej., la informaci\u00f3n que recopilamos al usar las cookies y c\u00f3mo se usa dicha informaci\u00f3n) y c\u00f3mo gestionar su [&hellip;]<\/p>\n","protected":false},"author":3,"featured_media":0,"parent":0,"menu_order":0,"comment_status":"closed","ping_status":"closed","template":"","meta":{"footnotes":""},"class_list":["post-468","page","type-page","status-publish","hentry"],"_links":{"self":[{"href":"https:\/\/eternal-wild.com\/en\/wp-json\/wp\/v2\/pages\/468","targetHints":{"allow":["GET"]}}],"collection":[{"href":"https:\/\/eternal-wild.com\/en\/wp-json\/wp\/v2\/pages"}],"about":[{"href":"https:\/\/eternal-wild.com\/en\/wp-json\/wp\/v2\/types\/page"}],"author":[{"embeddable":true,"href":"https:\/\/eternal-wild.com\/en\/wp-json\/wp\/v2\/users\/3"}],"replies":[{"embeddable":true,"href":"https:\/\/eternal-wild.com\/en\/wp-json\/wp\/v2\/comments?post=468"}],"version-history":[{"count":2,"href":"https:\/\/eternal-wild.com\/en\/wp-json\/wp\/v2\/pages\/468\/revisions"}],"predecessor-version":[{"id":493,"href":"https:\/\/eternal-wild.com\/en\/wp-json\/wp\/v2\/pages\/468\/revisions\/493"}],"wp:attachment":[{"href":"https:\/\/eternal-wild.com\/en\/wp-json\/wp\/v2\/media?parent=468"}],"curies":[{"name":"wp","href":"https:\/\/api.w.org\/{rel}","templated":true}]}}